{"id":259,"date":"2026-02-11T18:09:34","date_gmt":"2026-02-11T17:09:34","guid":{"rendered":"https:\/\/laboratoriorabin.eu\/?page_id=259"},"modified":"2026-02-18T14:36:34","modified_gmt":"2026-02-18T13:36:34","slug":"chi-siamo-il-consiglio-direttivo","status":"publish","type":"page","link":"https:\/\/laboratoriorabin.eu\/index.php\/chi-siamo-il-consiglio-direttivo\/","title":{"rendered":"Chi siamo: il consiglio direttivo"},"content":{"rendered":"<p>Il <strong>Consiglio direttivo del Laboratorio <\/strong>svolge funzioni di proposta, coordinamento ed esecuzione dell&#8217;attivit\u00e0 culturale dell&#8217;associazione. Il Consiglio collabora e si relaziona periodicamente con il\u00a0<a href=\"https:\/\/laboratoriorabin.eu\/index.php\/chi-siamo\/\"><strong>Comitato scientifico<\/strong><\/a>, formato da circa 40 donne e uomini della cultura, della politica, delle professioni, con differenti profili accademici e politici, che condividono un comune impegno nella ricerca e nell\u2019attivismo.<\/p>\n<p>Il laboratorio \u00e8 orientato a svolgere attivit\u00e0 di divulgazione, formazione e approfondimento su\u00a0<strong>tre filoni di indagine<\/strong>:<\/p>\n<ul>\n<li><strong>Israele oggi:<\/strong>\u00a0uno sguardo sulla societ\u00e0, la cultura e la politica in Israele e sui rapporti di queste con le comunit\u00e0 ebraiche nel mondo e le pi\u00f9 complessive dinamiche internazionali;<\/li>\n<li><strong>il sionismo e i sionismi<\/strong>, sia in prospettiva storica sia in funzione del dibattito contemporaneo;<\/li>\n<li><strong>l\u2019antisemitismo<\/strong>, con i suoi effetti sulla politica, sulla propaganda, sul dibattito pubblico, sull\u2019educazione.<\/li>\n<\/ul>\n<p><img loading=\"lazy\" decoding=\"async\" class=\"size-full wp-image-27 aligncenter\" src=\"https:\/\/laboratoriorabin.eu\/wp-content\/uploads\/2024\/06\/logo-Lab-Rabin.jpg\" alt=\"\" width=\"493\" height=\"278\" srcset=\"https:\/\/laboratoriorabin.eu\/wp-content\/uploads\/2024\/06\/logo-Lab-Rabin.jpg 493w, https:\/\/laboratoriorabin.eu\/wp-content\/uploads\/2024\/06\/logo-Lab-Rabin-300x169.jpg 300w\" sizes=\"auto, (max-width: 493px) 100vw, 493px\" \/><\/p>\n<h2><strong>Componenti del Consiglio direttivo<\/strong><\/h2>\n<p><strong><img loading=\"lazy\" decoding=\"async\" class=\"wp-image-237 aligncenter\" src=\"https:\/\/laboratoriorabin.eu\/wp-content\/uploads\/2026\/02\/me.jpg\" alt=\"\" width=\"148\" height=\"148\" srcset=\"https:\/\/laboratoriorabin.eu\/wp-content\/uploads\/2026\/02\/me.jpg 462w, https:\/\/laboratoriorabin.eu\/wp-content\/uploads\/2026\/02\/me-300x300.jpg 300w, https:\/\/laboratoriorabin.eu\/wp-content\/uploads\/2026\/02\/me-150x150.jpg 150w\" sizes=\"auto, (max-width: 148px) 100vw, 148px\" \/><\/strong><\/p>\n<p><strong>Massimiliano Boni<\/strong>, socio fondatore e presidente<\/p>\n<p><em>Consigliere della Corte costituzionale, delegato IHRA, scrittore.<\/em><\/p>\n<p><a href=\"https:\/\/www.bonimassimiliano.com\/\">Leggi di pi\u00f9<\/a><\/p>\n<p>&nbsp;<\/p>\n<p><strong><img loading=\"lazy\" decoding=\"async\" class=\"wp-image-252 aligncenter\" src=\"https:\/\/laboratoriorabin.eu\/wp-content\/uploads\/2026\/02\/s200_simone.oggionni.jpg\" alt=\"\" width=\"146\" height=\"146\" srcset=\"https:\/\/laboratoriorabin.eu\/wp-content\/uploads\/2026\/02\/s200_simone.oggionni.jpg 200w, https:\/\/laboratoriorabin.eu\/wp-content\/uploads\/2026\/02\/s200_simone.oggionni-150x150.jpg 150w\" sizes=\"auto, (max-width: 146px) 100vw, 146px\" \/><\/strong><\/p>\n<p><strong>Simone Oggionni<\/strong>, socio fondatore e tesoriere<\/p>\n<p>Storico dell&#8217;economia<\/p>\n<p><em>Ha conseguito il dottorato di ricerca presso l\u2019Universit\u00e0 di Roma Tor Vergata, dove svolge attivit\u00e0 didattica in Storia economica dell\u2019Europa contemporanea. Professore a contratto presso il Dipartimento di Economia e Giurisprudenza dell\u2019Universit\u00e0 degli Studi di Cassino e del Lazio Meridionale. \u00c8 caporedattore della rivista Rinascita.<\/em><\/p>\n<p>&nbsp;<\/p>\n<p><strong><img loading=\"lazy\" decoding=\"async\" class=\"size-full wp-image-423 aligncenter\" src=\"https:\/\/laboratoriorabin.eu\/wp-content\/uploads\/2026\/02\/calo.jpg\" alt=\"\" width=\"200\" height=\"200\" srcset=\"https:\/\/laboratoriorabin.eu\/wp-content\/uploads\/2026\/02\/calo.jpg 200w, https:\/\/laboratoriorabin.eu\/wp-content\/uploads\/2026\/02\/calo-150x150.jpg 150w\" sizes=\"auto, (max-width: 200px) 100vw, 200px\" \/><\/strong><\/p>\n<p><strong>Anselmo Cal\u00f2<\/strong>, socio fondatore<\/p>\n<p>Imprenditore<\/p>\n<p><em>Imprenditore del settore Ambientale. Componente di comitati tecnici ministeriali \u00e8 stato vice presidente dell UCEI.<\/em><\/p>\n<p><strong><img loading=\"lazy\" decoding=\"async\" class=\"wp-image-231 aligncenter\" src=\"https:\/\/laboratoriorabin.eu\/wp-content\/uploads\/2026\/02\/alessandrini-1008x1024.jpg\" alt=\"\" width=\"152\" height=\"155\" srcset=\"https:\/\/laboratoriorabin.eu\/wp-content\/uploads\/2026\/02\/alessandrini-1008x1024.jpg 1008w, https:\/\/laboratoriorabin.eu\/wp-content\/uploads\/2026\/02\/alessandrini-295x300.jpg 295w, https:\/\/laboratoriorabin.eu\/wp-content\/uploads\/2026\/02\/alessandrini-768x780.jpg 768w, https:\/\/laboratoriorabin.eu\/wp-content\/uploads\/2026\/02\/alessandrini-1511x1536.jpg 1511w, https:\/\/laboratoriorabin.eu\/wp-content\/uploads\/2026\/02\/alessandrini-2015x2048.jpg 2015w\" sizes=\"auto, (max-width: 152px) 100vw, 152px\" \/><\/strong><\/p>\n<p><strong>Alessandrini <\/strong><strong>Luca <\/strong><\/p>\n<p>Storico<\/p>\n<div class=\"wp-block-group\">\n<p><em>Dal 1992 al 2020 \u00e8 stato direttore dell\u2019Istituto Storico Parri Emilia-Romagna di Bologna, dalla sua fondazione nel 2003 al 2022 \u00e8 stato direttore del Museo della Resistenza di Bologna. <\/em><em>\u00c8 presidente dell&#8217;associazione Salviamo la Costituzione di Bologna.<\/em><\/p>\n<\/div>\n<p>&nbsp;<\/p>\n<p><strong><img loading=\"lazy\" decoding=\"async\" class=\" wp-image-282 aligncenter\" src=\"https:\/\/laboratoriorabin.eu\/wp-content\/uploads\/2026\/02\/gloria.jpg\" alt=\"\" width=\"171\" height=\"171\" srcset=\"https:\/\/laboratoriorabin.eu\/wp-content\/uploads\/2026\/02\/gloria.jpg 200w, https:\/\/laboratoriorabin.eu\/wp-content\/uploads\/2026\/02\/gloria-150x150.jpg 150w\" sizes=\"auto, (max-width: 171px) 100vw, 171px\" \/><\/strong><\/p>\n<p><strong>Gloria Arbib<\/strong><\/p>\n<p><em>Attualmente dirige per l&#8217;Ucei il progetto di catalogazione dei libri in ebraico presenti nelle biblioteche italiane, delle Comunit\u00e0 e dello Stato, in collaborazione con Rothschild Foundation, la<\/em><br \/>\n<em>Biblioteca Nazionale Centrale di Roma e la National Library of Israel. E&#8217; stata segretario generale Ucei\u00a0 consigliere Ucei.<\/em><\/p>\n<p><strong><img loading=\"lazy\" decoding=\"async\" class=\"wp-image-232 aligncenter\" src=\"https:\/\/laboratoriorabin.eu\/wp-content\/uploads\/2026\/02\/ascoli.jpeg\" alt=\"\" width=\"148\" height=\"148\" srcset=\"https:\/\/laboratoriorabin.eu\/wp-content\/uploads\/2026\/02\/ascoli.jpeg 300w, https:\/\/laboratoriorabin.eu\/wp-content\/uploads\/2026\/02\/ascoli-150x150.jpeg 150w\" sizes=\"auto, (max-width: 148px) 100vw, 148px\" \/><\/strong><\/p>\n<p><strong>Michael Ascoli<\/strong><\/p>\n<p>Rabbino e ingegnere<\/p>\n<p><em>Romano, si laurea in Ingegneria Meccanica nel 1996, dal 1998 \u00e8 Project Manager prima in Italia poi in Israele. Consegue il titolo di rabbino al Collegio Rabbinico Italiano nel 2004. \u00c8 ministro di culto a Modena tra il 1992 ed il1995. \u00c8 docente al Collegio Rabbinico Italiano dal 1996 al 2010, e assistente del Rabbino Capo di Roma dal\u00a0 2007 al 2010. Nel 2010 si trasferisce a Haifa in Israele proseguendo la sua attivit\u00e0 professionale di Project Manager. Attualmente \u00e8 uno dei curatori del <a href=\"https:\/\/www.talmud.it\/it\/\">&#8220;progetto Talmud&#8221;<\/a><\/em><\/p>\n<p><strong><img loading=\"lazy\" decoding=\"async\" class=\"wp-image-279 aligncenter\" src=\"https:\/\/laboratoriorabin.eu\/wp-content\/uploads\/2026\/02\/bidussa.jpg\" alt=\"\" width=\"156\" height=\"156\" srcset=\"https:\/\/laboratoriorabin.eu\/wp-content\/uploads\/2026\/02\/bidussa.jpg 512w, https:\/\/laboratoriorabin.eu\/wp-content\/uploads\/2026\/02\/bidussa-300x300.jpg 300w, https:\/\/laboratoriorabin.eu\/wp-content\/uploads\/2026\/02\/bidussa-150x150.jpg 150w\" sizes=\"auto, (max-width: 156px) 100vw, 156px\" \/><\/strong><\/p>\n<p><strong>David Bidussa<\/strong><\/p>\n<p>Storico sociale delle idee<\/p>\n<p><em>Consulente editoriale di Fondazione Giangiacomo Feltrinelli. Collabora a \u201cIl domenicale \u2013 il Sole 24 ore\u201d.<\/em><\/p>\n<p>&nbsp;<\/p>\n<p><strong>Clotilde Calabi<\/strong><\/p>\n<p>Filosofa<\/p>\n<p><em>Insegna Teorie del Linguaggio e della Mente all&#8217;Universit\u00e0 Statale di Milano. Ha studiato alle universit\u00e0 di Milano, Irvine e Ginevra e scritto saggi sulle emozioni, l&#8217;attenzione e la percezione. Oggi i suoi interessi vertono principalmente su argomenti nell&#8217;ambito della filosofia della percezione.<\/em><\/p>\n<p>&nbsp;<\/p>\n<p><strong><img loading=\"lazy\" decoding=\"async\" class=\"wp-image-239 aligncenter\" src=\"https:\/\/laboratoriorabin.eu\/wp-content\/uploads\/2026\/02\/ariel.jpg\" alt=\"\" width=\"201\" height=\"113\" srcset=\"https:\/\/laboratoriorabin.eu\/wp-content\/uploads\/2026\/02\/ariel.jpg 474w, https:\/\/laboratoriorabin.eu\/wp-content\/uploads\/2026\/02\/ariel-300x168.jpg 300w\" sizes=\"auto, (max-width: 201px) 100vw, 201px\" \/><\/strong><\/p>\n<p><strong>Ariel Dello Strologo<\/strong><\/p>\n<p>Avvocato<\/p>\n<p><em>Gi\u00e0 consigliere Ucei e consigliere comune di Genova.<\/em><\/p>\n<p><a href=\"https:\/\/gpdlex.com\/avvocati\/ariel-dello-strologo\/\">Leggi di pi\u00f9<\/a><\/p>\n<p><strong><img loading=\"lazy\" decoding=\"async\" class=\"wp-image-240 aligncenter\" src=\"https:\/\/laboratoriorabin.eu\/wp-content\/uploads\/2026\/02\/giuliani.jpg\" alt=\"\" width=\"156\" height=\"233\" srcset=\"https:\/\/laboratoriorabin.eu\/wp-content\/uploads\/2026\/02\/giuliani.jpg 474w, https:\/\/laboratoriorabin.eu\/wp-content\/uploads\/2026\/02\/giuliani-201x300.jpg 201w\" sizes=\"auto, (max-width: 156px) 100vw, 156px\" \/><\/strong><\/p>\n<p><strong>Massimo Giuliani<\/strong><\/p>\n<p>Docente di pensiero ebraico<\/p>\n<p><em>Professore associato di Pensiero ebraico presso l\u2019Universit\u00e0 di Trento. Studioso dell\u2019ebraismo moderno e contemporaneo, nonch\u00e9 del rapporto tra filosofia e pensiero ebraico, ha approfondito i temi legati alla Shoah, il giudaismo conservative americano e il dialogo ebraico-cristiano. Direttore <a href=\"https:\/\/www.castelvecchieditore.com\/prodotto\/avinu\/\">\u201cAvinu\u201d<\/a><\/em><\/p>\n<p>&nbsp;<\/p>\n<p>&nbsp;<\/p>\n<p><strong><img loading=\"lazy\" decoding=\"async\" class=\" wp-image-426 aligncenter\" src=\"https:\/\/laboratoriorabin.eu\/wp-content\/uploads\/2026\/02\/santerini.jpg\" alt=\"\" width=\"308\" height=\"173\" srcset=\"https:\/\/laboratoriorabin.eu\/wp-content\/uploads\/2026\/02\/santerini.jpg 474w, https:\/\/laboratoriorabin.eu\/wp-content\/uploads\/2026\/02\/santerini-300x168.jpg 300w\" sizes=\"auto, (max-width: 308px) 100vw, 308px\" \/><\/strong><\/p>\n<p><strong>Milena Santerini<\/strong><\/p>\n<p>Docente di pedagogia<\/p>\n<p><em>Professoressa ordinaria alla cattolica di Milano. Deputata nella XVII legislatura. Ha svolto per prima il ruolo di Commissario per la lotta all&#8217;antisemitismo. Attualmente \u00e8 vice presidente della Fondazione memoriale della Shoah a Milano.<\/em><\/p>\n<p>&nbsp;<\/p>\n<p><strong><img loading=\"lazy\" decoding=\"async\" class=\"wp-image-267 aligncenter\" src=\"https:\/\/laboratoriorabin.eu\/wp-content\/uploads\/2026\/02\/sereni-anna.jpg\" alt=\"\" width=\"258\" height=\"145\" srcset=\"https:\/\/laboratoriorabin.eu\/wp-content\/uploads\/2026\/02\/sereni-anna.jpg 474w, https:\/\/laboratoriorabin.eu\/wp-content\/uploads\/2026\/02\/sereni-anna-300x168.jpg 300w\" sizes=\"auto, (max-width: 258px) 100vw, 258px\" \/><\/strong><\/p>\n<p><strong>Anna Sereni<\/strong><\/p>\n<p>Archeologa medievale<\/p>\n<p><em>Docente all&#8217;Universit\u00e0 degli Studi di Enna &#8220;Kore&#8221; di Enna.<\/em><\/p>\n<p>&nbsp;<\/p>\n<h3><a href=\"https:\/\/laboratoriorabin.eu\/\"><strong>Torna alla Home<\/strong><\/a><\/h3>\n<p>&nbsp;<\/p>\n<p>&nbsp;<\/p>\n<p>&nbsp;<\/p>\n","protected":false},"excerpt":{"rendered":"<p>Il Consiglio direttivo del Laboratorio svolge funzioni di proposta, coordinamento ed esecuzione dell&#8217;attivit\u00e0 culturale dell&#8217;associazione. Il Consiglio collabora e si relaziona periodicamente con il\u00a0Comitato scientifico, formato da circa 40 donne e uomini della cultura, della politica, delle professioni, con differenti profili accademici e politici, che condividono un comune impegno nella ricerca e nell\u2019attivismo. Il laboratorio [&hellip;]<\/p>\n","protected":false},"author":1,"featured_media":0,"parent":0,"menu_order":0,"comment_status":"closed","ping_status":"closed","template":"","meta":{"footnotes":""},"class_list":["post-259","page","type-page","status-publish","hentry"],"_links":{"self":[{"href":"https:\/\/laboratoriorabin.eu\/index.php\/wp-json\/wp\/v2\/pages\/259","targetHints":{"allow":["GET"]}}],"collection":[{"href":"https:\/\/laboratoriorabin.eu\/index.php\/wp-json\/wp\/v2\/pages"}],"about":[{"href":"https:\/\/laboratoriorabin.eu\/index.php\/wp-json\/wp\/v2\/types\/page"}],"author":[{"embeddable":true,"href":"https:\/\/laboratoriorabin.eu\/index.php\/wp-json\/wp\/v2\/users\/1"}],"replies":[{"embeddable":true,"href":"https:\/\/laboratoriorabin.eu\/index.php\/wp-json\/wp\/v2\/comments?post=259"}],"version-history":[{"count":16,"href":"https:\/\/laboratoriorabin.eu\/index.php\/wp-json\/wp\/v2\/pages\/259\/revisions"}],"predecessor-version":[{"id":437,"href":"https:\/\/laboratoriorabin.eu\/index.php\/wp-json\/wp\/v2\/pages\/259\/revisions\/437"}],"wp:attachment":[{"href":"https:\/\/laboratoriorabin.eu\/index.php\/wp-json\/wp\/v2\/media?parent=259"}],"curies":[{"name":"wp","href":"https:\/\/api.w.org\/{rel}","templated":true}]}}